{"id":442,"date":"2025-09-25T15:52:45","date_gmt":"2025-09-25T13:52:45","guid":{"rendered":"https:\/\/www.lumeena-advisory.com\/our-mood\/"},"modified":"2025-10-14T12:45:24","modified_gmt":"2025-10-14T10:45:24","slug":"il-nostro-approccio","status":"publish","type":"page","link":"https:\/\/www.lumeena-advisory.com\/it\/il-nostro-approccio\/","title":{"rendered":"Il nostro approccio"},"content":{"rendered":"<p><div class=\"fusion-fullwidth fullwidth-box fusion-builder-row-1 fusion-flex-container has-pattern-background has-mask-background hundred-percent-fullwidth non-hundred-percent-height-scrolling\" style=\"--awb-border-radius-top-left:0px;--awb-border-radius-top-right:0px;--awb-border-radius-bottom-right:0px;--awb-border-radius-bottom-left:0px;--awb-min-height:555px;--awb-background-color:var(--awb-color5);--awb-flex-wrap:wrap;\" ><div class=\"fusion-builder-row fusion-row fusion-flex-align-items-center fusion-flex-align-content-center fusion-flex-justify-content-center fusion-flex-content-wrap\" style=\"width:104% !important;max-width:104% !important;margin-left: calc(-4% \/ 2 );margin-right: calc(-4% \/ 2 );\"><div class=\"fusion-layout-column fusion_builder_column fusion-builder-column-0 fusion_builder_column_1_1 1_1 fusion-flex-column fusion-flex-align-self-center\" style=\"--awb-bg-size:cover;--awb-width-large:100%;--awb-margin-top-large:0px;--awb-spacing-right-large:1.92%;--awb-margin-bottom-large:20px;--awb-spacing-left-large:1.92%;--awb-width-medium:100%;--awb-order-medium:0;--awb-spacing-right-medium:1.92%;--awb-spacing-left-medium:1.92%;--awb-width-small:100%;--awb-order-small:0;--awb-spacing-right-small:1.92%;--awb-spacing-left-small:1.92%;\" data-scroll-devices=\"small-visibility,medium-visibility,large-visibility\"><div class=\"fusion-column-wrapper fusion-column-has-shadow fusion-flex-justify-content-center fusion-content-layout-column\"><canvas id=\"waveCanvas\"><\/canvas><div class=\"fusion-title title fusion-title-1 fusion-sep-none fusion-title-center fusion-title-text fusion-title-size-one titolo-sopra-animazione\" style=\"--awb-text-color:var(--awb-color2);--awb-margin-top-small:10px;--awb-margin-right-small:0px;--awb-margin-bottom-small:10px;--awb-margin-left-small:0px;\"><h1 class=\"fusion-title-heading title-heading-center fusion-responsive-typography-calculated\" style=\"margin:0;--fontSize:93;line-height:var(--awb-typography1-line-height);\">Il nostro approccio<\/h1><\/div><div class=\"fusion-title title fusion-title-2 fusion-sep-none fusion-title-center fusion-title-text fusion-title-size-three titolo-sopra-animazione\" style=\"--awb-text-color:var(--awb-color2);--awb-margin-top-small:10px;--awb-margin-right-small:0px;--awb-margin-bottom-small:10px;--awb-margin-left-small:0px;\"><h3 class=\"fusion-title-heading title-heading-center fusion-responsive-typography-calculated\" style=\"margin:0;--fontSize:18;--minFontSize:18;line-height:var(--awb-typography1-line-height);\">Connecting Professionals Globally<\/h3><\/div><\/div><\/div><\/div><\/div><div class=\"fusion-fullwidth fullwidth-box fusion-builder-row-2 fusion-flex-container has-pattern-background has-mask-background fusion-parallax-none nonhundred-percent-fullwidth non-hundred-percent-height-scrolling\" style=\"--awb-background-position:right top;--awb-border-radius-top-left:0px;--awb-border-radius-top-right:0px;--awb-border-radius-bottom-right:0px;--awb-border-radius-bottom-left:0px;--awb-padding-top:80px;--awb-padding-bottom:80px;--awb-background-image:url(&quot;https:\/\/www.lumeena-advisory.com\/wp-content\/uploads\/2025\/10\/onde-bg_white3_dx.png&quot;);--awb-background-size:contain;--awb-flex-wrap:wrap;\" ><div class=\"fusion-builder-row fusion-row fusion-flex-align-items-center fusion-flex-justify-content-center fusion-flex-content-wrap\" style=\"max-width:1248px;margin-left: calc(-4% \/ 2 );margin-right: calc(-4% \/ 2 );\"><div class=\"fusion-layout-column fusion_builder_column fusion-builder-column-1 fusion_builder_column_3_4 3_4 fusion-flex-column\" style=\"--awb-bg-size:cover;--awb-width-large:75%;--awb-margin-top-large:0px;--awb-spacing-right-large:2.56%;--awb-margin-bottom-large:20px;--awb-spacing-left-large:2.56%;--awb-width-medium:75%;--awb-order-medium:0;--awb-spacing-right-medium:2.56%;--awb-spacing-left-medium:2.56%;--awb-width-small:100%;--awb-order-small:0;--awb-spacing-right-small:1.92%;--awb-spacing-left-small:1.92%;\"><div class=\"fusion-column-wrapper fusion-column-has-shadow fusion-flex-justify-content-flex-start fusion-content-layout-column\"><div class=\"fusion-title title fusion-title-3 fusion-sep-none fusion-title-text fusion-title-size-two\" style=\"--awb-text-color:var(--awb-color5);--awb-margin-top-small:10px;--awb-margin-right-small:0px;--awb-margin-bottom-small:10px;--awb-margin-left-small:0px;\"><h2 class=\"fusion-title-heading title-heading-left fusion-responsive-typography-calculated\" style=\"margin:0;--fontSize:40;line-height:var(--awb-typography1-line-height);\">Agire l&#8217;etica<\/h2><\/div><div class=\"fusion-text fusion-text-1 comparsa-testo neg\" style=\"--awb-content-alignment:left;--awb-margin-left:20px;\"><p><span class=\"hey\">Cos&#8217;\u00e8 il vero bene e quali sono i mezzi migliori per conseguirlo? Per noi l\u2019etica non \u00e8 una cornice esterna al nostro lavoro. Piuttosto, \u00e8 la sostanza viva da cui scaturisce ogni decisione. Non \u00e8 confinata nei principi. Ispira relazioni, plasma i processi, e ci orienta verso scelte sostenibili quando le soluzioni sembrano equivalersi. \u00c8 ci\u00f2 che ci distingue: non un codice appeso al muro, ma una pratica che si rinnova giorno dopo giorno.<\/span><\/p>\n<\/div><\/div><\/div><div class=\"fusion-layout-column fusion_builder_column fusion-builder-column-2 fusion_builder_column_1_3 1_3 fusion-flex-column fusion-flex-align-self-stretch\" style=\"--awb-padding-top:30px;--awb-padding-right:30px;--awb-padding-bottom:30px;--awb-padding-left:30px;--awb-bg-color:var(--awb-color1);--awb-bg-color-hover:var(--awb-color1);--awb-bg-size:cover;--awb-border-color:var(--awb-color3);--awb-border-top:2px;--awb-border-right:2px;--awb-border-bottom:2px;--awb-border-left:2px;--awb-border-style:solid;--awb-width-large:33.333333333333%;--awb-margin-top-large:0px;--awb-spacing-right-large:5.76%;--awb-margin-bottom-large:20px;--awb-spacing-left-large:5.76%;--awb-width-medium:33.333333333333%;--awb-order-medium:0;--awb-spacing-right-medium:5.76%;--awb-spacing-left-medium:5.76%;--awb-width-small:100%;--awb-order-small:0;--awb-spacing-right-small:1.92%;--awb-spacing-left-small:1.92%;\" data-scroll-devices=\"small-visibility,medium-visibility,large-visibility\"><div class=\"fusion-column-wrapper fusion-column-has-shadow fusion-flex-justify-content-flex-start fusion-content-layout-column\"><div class=\"fusion-title title fusion-title-4 fusion-sep-none fusion-title-text fusion-title-size-two\" style=\"--awb-text-color:var(--awb-color5);--awb-margin-top-small:10px;--awb-margin-right-small:0px;--awb-margin-bottom-small:10px;--awb-margin-left-small:0px;\"><h2 class=\"fusion-title-heading title-heading-left fusion-responsive-typography-calculated\" style=\"margin:0;--fontSize:40;line-height:var(--awb-typography1-line-height);\"><strong>Attenzione focalizzata sul cliente<\/strong><\/h2><\/div><div class=\"fusion-text fusion-text-2 comparsa-testo neg mood-paragrafo\" style=\"--awb-content-alignment:left;--awb-margin-left:25px;\"><p>Il nostro approccio potrebbe essere riassunto con una metafora: <em>la pasta fresca del venerd\u00ec mattina<\/em>. Con questa frase intendiamo esprimere il nostro <strong>impegno costante<\/strong> per la <strong>qualit\u00e0<\/strong>, l&#8217;<strong>autenticit\u00e0<\/strong> e la <strong>cura<\/strong> che mettiamo in ogni nostra relazione. <strong>Ascoltare<\/strong> con attenzione, <strong>accogliere<\/strong> prospettive diverse e <strong>comunicare<\/strong> in pi\u00f9 lingue non sono solo abilit\u00e0 operative, ma strumenti fondamentali per creare legami autentici e trasformare le opportunit\u00e0 in risultati concreti.<\/p>\n<\/div><\/div><\/div><div class=\"fusion-layout-column fusion_builder_column fusion-builder-column-3 fusion_builder_column_1_3 1_3 fusion-flex-column fusion-flex-align-self-stretch\" style=\"--awb-padding-top:30px;--awb-padding-right:30px;--awb-padding-bottom:30px;--awb-padding-left:30px;--awb-bg-color:var(--awb-color1);--awb-bg-color-hover:var(--awb-color1);--awb-bg-size:cover;--awb-border-color:var(--awb-color3);--awb-border-top:2px;--awb-border-right:2px;--awb-border-bottom:2px;--awb-border-left:2px;--awb-border-style:solid;--awb-width-large:33.333333333333%;--awb-margin-top-large:0px;--awb-spacing-right-large:5.76%;--awb-margin-bottom-large:20px;--awb-spacing-left-large:5.76%;--awb-width-medium:33.333333333333%;--awb-order-medium:0;--awb-spacing-right-medium:5.76%;--awb-spacing-left-medium:5.76%;--awb-width-small:100%;--awb-order-small:0;--awb-spacing-right-small:1.92%;--awb-spacing-left-small:1.92%;\" data-scroll-devices=\"small-visibility,medium-visibility,large-visibility\"><div class=\"fusion-column-wrapper fusion-column-has-shadow fusion-flex-justify-content-flex-start fusion-content-layout-column\"><div class=\"fusion-title title fusion-title-5 fusion-sep-none fusion-title-text fusion-title-size-two\" style=\"--awb-text-color:var(--awb-color5);--awb-margin-top-small:10px;--awb-margin-right-small:0px;--awb-margin-bottom-small:10px;--awb-margin-left-small:0px;\"><h2 class=\"fusion-title-heading title-heading-left fusion-responsive-typography-calculated\" style=\"margin:0;--fontSize:40;line-height:var(--awb-typography1-line-height);\"><strong>Servizi perfettamente integrati<\/strong><\/h2><\/div><div class=\"fusion-text fusion-text-3 comparsa-testo neg mood-paragrafo\" style=\"--awb-content-alignment:left;--awb-margin-left:25px;\"><p>In equilibrio tra <strong>identit\u00e0<\/strong> e <strong>apertura<\/strong>, tra <strong>visione strategica<\/strong> e <strong>rispetto delle diversit\u00e0<\/strong>, Lumeena Advisory si propone come un <em>partner<\/em> perfettamente integrato nella tua struttura, un vero e proprio <strong>catalizzatore<\/strong> per trasformare <strong>energie<\/strong>, <strong>culture<\/strong> ed <strong>esperienze<\/strong> globali in azioni e risultati concreti. Il nostro <strong>approccio agile<\/strong> e <strong>orientato al cliente<\/strong> ci guida in ogni iniziativa, trasformando i progetti in valore condiviso.<\/p>\n<\/div><\/div><\/div><div class=\"fusion-layout-column fusion_builder_column fusion-builder-column-4 fusion_builder_column_1_3 1_3 fusion-flex-column fusion-flex-align-self-stretch\" style=\"--awb-padding-top:30px;--awb-padding-right:30px;--awb-padding-bottom:30px;--awb-padding-left:30px;--awb-bg-color:var(--awb-color1);--awb-bg-color-hover:var(--awb-color1);--awb-bg-size:cover;--awb-border-color:var(--awb-color3);--awb-border-top:2px;--awb-border-right:2px;--awb-border-bottom:2px;--awb-border-left:2px;--awb-border-style:solid;--awb-width-large:33.333333333333%;--awb-margin-top-large:0px;--awb-spacing-right-large:5.76%;--awb-margin-bottom-large:20px;--awb-spacing-left-large:5.76%;--awb-width-medium:33.333333333333%;--awb-order-medium:0;--awb-spacing-right-medium:5.76%;--awb-spacing-left-medium:5.76%;--awb-width-small:100%;--awb-order-small:0;--awb-spacing-right-small:1.92%;--awb-spacing-left-small:1.92%;\" data-scroll-devices=\"small-visibility,medium-visibility,large-visibility\"><div class=\"fusion-column-wrapper fusion-column-has-shadow fusion-flex-justify-content-flex-start fusion-content-layout-column\"><div class=\"fusion-title title fusion-title-6 fusion-sep-none fusion-title-text fusion-title-size-two\" style=\"--awb-text-color:var(--awb-color5);--awb-margin-top-small:10px;--awb-margin-right-small:0px;--awb-margin-bottom-small:10px;--awb-margin-left-small:0px;\"><h2 class=\"fusion-title-heading title-heading-left fusion-responsive-typography-calculated\" style=\"margin:0;--fontSize:40;line-height:var(--awb-typography1-line-height);\"><strong>L&#8217;azione \u00e8 la migliore strategia<\/strong><\/h2><\/div><div class=\"fusion-text fusion-text-4 comparsa-testo neg mood-paragrafo\" style=\"--awb-content-alignment:left;--awb-margin-left:25px;\"><p>In Lumeena Advisory siamo convinti che <strong>la migliore strategia<\/strong> per ottenere i risultati desiderati sia, semplicemente, <strong>agire<\/strong>. Non fraintenderci: lo <strong>studio<\/strong> e la <strong>pianificazione <\/strong>sono essenziali. Ma l\u2019<strong>azione<\/strong> \u00e8 il vero antidoto alla <strong>letargia<\/strong> che blocca tante aziende per la <strong>paura del nuovo<\/strong> e della sua apparente <strong>complessit\u00e0<\/strong>. Con<strong> agilit\u00e0 mentale<\/strong> e <strong>azioni ponderate<\/strong> siamo in grado di superare i timori e di sconfiggere l\u2019immobilismo: iniziando il cammino, il percorso si svela.<\/p>\n<\/div><\/div><\/div><\/div><\/div><div class=\"fusion-fullwidth fullwidth-box fusion-builder-row-3 fusion-flex-container has-pattern-background has-mask-background nonhundred-percent-fullwidth non-hundred-percent-height-scrolling\" style=\"--awb-border-radius-top-left:0px;--awb-border-radius-top-right:0px;--awb-border-radius-bottom-right:0px;--awb-border-radius-bottom-left:0px;--awb-flex-wrap:wrap;\" ><div class=\"fusion-builder-row fusion-row fusion-flex-align-items-flex-start fusion-flex-content-wrap\" style=\"max-width:1248px;margin-left: calc(-4% \/ 2 );margin-right: calc(-4% \/ 2 );\"><div class=\"fusion-layout-column fusion_builder_column fusion-builder-column-5 fusion_builder_column_1_1 1_1 fusion-flex-column\" style=\"--awb-bg-size:cover;--awb-width-large:100%;--awb-margin-top-large:0px;--awb-spacing-right-large:1.92%;--awb-margin-bottom-large:20px;--awb-spacing-left-large:1.92%;--awb-width-medium:100%;--awb-order-medium:0;--awb-spacing-right-medium:1.92%;--awb-spacing-left-medium:1.92%;--awb-width-small:100%;--awb-order-small:0;--awb-spacing-right-small:1.92%;--awb-spacing-left-small:1.92%;\"><div class=\"fusion-column-wrapper fusion-column-has-shadow fusion-flex-justify-content-flex-start fusion-content-layout-column\"><div style=\"text-align:center;\"><a class=\"fusion-button button-flat fusion-button-default-size button-custom fusion-button-default button-1 fusion-button-default-span \" style=\"--button_accent_color:var(--awb-color4);--button_accent_hover_color:var(--awb-color2);--button_border_hover_color:var(--awb-color1);--button-border-radius-top-left:0;--button-border-radius-top-right:0;--button-border-radius-bottom-right:0;--button-border-radius-bottom-left:0;--button_gradient_top_color:var(--awb-color2);--button_gradient_bottom_color:var(--awb-color2);--button_gradient_top_color_hover:var(--awb-color5);--button_gradient_bottom_color_hover:var(--awb-color5);--button_text_transform:uppercase;\" target=\"_self\" href=\"\/contact-us\"><span class=\"fusion-button-text awb-button__text awb-button__text--default\">Contattaci ora<\/span><\/a><\/div><div class=\"fusion-image-element \" style=\"text-align:center;--awb-margin-top:15px;--awb-margin-bottom:15px;--awb-max-width:14px;--awb-caption-title-font-family:var(--h2_typography-font-family);--awb-caption-title-font-weight:var(--h2_typography-font-weight);--awb-caption-title-font-style:var(--h2_typography-font-style);--awb-caption-title-size:var(--h2_typography-font-size);--awb-caption-title-transform:var(--h2_typography-text-transform);--awb-caption-title-line-height:var(--h2_typography-line-height);--awb-caption-title-letter-spacing:var(--h2_typography-letter-spacing);\"><span class=\" fusion-imageframe imageframe-none imageframe-1 hover-type-none\"><img decoding=\"async\" width=\"28\" height=\"28\" title=\"p-mood\" src=\"https:\/\/www.lumeena-advisory.com\/wp-content\/uploads\/2025\/09\/p-mood.png\" class=\"img-responsive wp-image-444\" alt=\"\"><\/span><\/div><div class=\"fusion-text fusion-text-5 fusion-text-no-margin\" style=\"--awb-content-alignment:center;--awb-text-font-family:&quot;Gotham-Bold&quot;;--awb-text-font-style:normal;--awb-text-font-weight:400;\"><p><strong>Concedici un\u2019ora del tuo tempo, in un&#8217;atmosfera di ascolto proattivo e di condivisione.<\/strong><\/p>\n<\/div><\/div><\/div><\/div><\/div><\/p>\n","protected":false},"excerpt":{"rendered":"","protected":false},"author":2,"featured_media":0,"parent":0,"menu_order":0,"comment_status":"closed","ping_status":"closed","template":"100-width.php","meta":{"footnotes":""},"class_list":["post-442","page","type-page","status-publish","hentry"],"_links":{"self":[{"href":"https:\/\/www.lumeena-advisory.com\/it\/wp-json\/wp\/v2\/pages\/442","targetHints":{"allow":["GET"]}}],"collection":[{"href":"https:\/\/www.lumeena-advisory.com\/it\/wp-json\/wp\/v2\/pages"}],"about":[{"href":"https:\/\/www.lumeena-advisory.com\/it\/wp-json\/wp\/v2\/types\/page"}],"author":[{"embeddable":true,"href":"https:\/\/www.lumeena-advisory.com\/it\/wp-json\/wp\/v2\/users\/2"}],"replies":[{"embeddable":true,"href":"https:\/\/www.lumeena-advisory.com\/it\/wp-json\/wp\/v2\/comments?post=442"}],"version-history":[{"count":22,"href":"https:\/\/www.lumeena-advisory.com\/it\/wp-json\/wp\/v2\/pages\/442\/revisions"}],"predecessor-version":[{"id":956,"href":"https:\/\/www.lumeena-advisory.com\/it\/wp-json\/wp\/v2\/pages\/442\/revisions\/956"}],"wp:attachment":[{"href":"https:\/\/www.lumeena-advisory.com\/it\/wp-json\/wp\/v2\/media?parent=442"}],"curies":[{"name":"wp","href":"https:\/\/api.w.org\/{rel}","templated":true}]}}